{"id":3,"date":"2018-07-31T12:15:26","date_gmt":"2018-07-31T12:15:26","guid":{"rendered":"https:\/\/xstore.8theme.com\/?page_id=3"},"modified":"2021-03-20T09:01:20","modified_gmt":"2021-03-20T08:01:20","slug":"privacy-policy","status":"publish","type":"page","link":"https:\/\/ilmercantedisabbia.com\/en\/privacy-policy\/","title":{"rendered":"Privacy Policy"},"content":{"rendered":"<p>[vc_row][vc_column][vc_column_text]<strong>Privacy Policy \u2013 <a href=\"https:\/\/translate.google.com\/translate?sl=it&amp;tl=en&amp;u=https:\/\/ilmercantedisabbia.com\/privacy-policy\">see a free english translation<\/a><\/strong><\/p>\n<p>Gentile Cliente,<\/p>\n<p>Il Mercante di Sabbia, seleziona per i suoi clienti i migliori oggetti di design e gioielli.Per poter fornire i suoi servizi nel modo pi\u00f9 efficiente possibile Il Mercante di Sabbia ha bisogno di chiedere al cliente alcune informazioni.<\/p>\n<p>I dati personali che il cliente comunicher\u00e0 navigando su questo sito web (di seguito \u201cSito\u201d) saranno trattati con correttezza e trasparenza per fini leciti e tutelando la sua riservatezza ed i suoi diritti nel rispetto della normativa comunitaria in materia di protezione dei dati personali (Reg. UE 2016\/679).<\/p>\n<p>Il presente documento non include i trattamenti svolti su altri siti web eventualmente consultabili dall\u2019utente tramite link presenti sul Sito.<\/p>\n<p>I trattamenti verranno effettuati con le seguenti finalit\u00e0 e modalit\u00e0:<\/p>\n<p><strong>1. Titolare del Trattamento.<\/strong><\/p>\n<p>Ai sensi della normativa citata, il Titolare del Trattamento \u00e8 Claudia Puschi &#8211; Il Mercante di Sabbia &#8211; Calle Seconda dei Saoneri 2724, 30125 Venezia.<\/p>\n<p>Email: info@ilmarcantedisabbia.com<\/p>\n<p><strong>Oggetto del Trattamento.<\/strong><\/p>\n<p>Il Titolare tratter\u00e0 i dati personali da Te comunicati compilando iformche si trovano nell\u2019home pagedel sito e nelle varie aree tematiche (nome, cognome, indirizzo, codice fiscale, e-mail, telefono, cellulare, dati necessari per il pagamento) unicamente per le finalit\u00e0 indicate alla presente informativa.<\/p>\n<p><strong>2. Finalit\u00e0 del trattamento.\u00a0<\/strong><\/p>\n<p>Le finalit\u00e0 del trattamento perseguite in linea generale dal Titolare possono riassumersi come segue:<\/p>\n<p>a) per consentire al Cliente di inviare messaggi al Titolare del Sito;<\/p>\n<p>b) per consentire al Cliente di acquistare un prodotto;<\/p>\n<p>c) previo specifico e distinto consenso del Cliente per rimanere informato delle attivit\u00e0 svolte dal Titolare del Sito mediante iscrizione alla\u00a0newsletter.<\/p>\n<p><strong>3. Categorie dei dati personali trattati.<\/strong><\/p>\n<p>I dati trattati saranno quelli, descritti al punto 1, strettamente necessari per le finalit\u00e0 richiesta e\/o autorizzata.<\/p>\n<p><strong>4.Destinatari od eventuali categorie di destinatari dei dati personali.<\/strong><\/p>\n<p>I Tuoi dati saranno resi accessibili a:<\/p>\n<ul>\n<li>dipendenti del titolare;<\/li>\n<li>\u2013 studio commercialistico del Titolare (dati di fatturazione: nome, cognome, indirizzo e partita iva);<\/li>\n<li>\u2013 societ\u00e0 che gestisce il pagamento elettronico:\u00a0PayPal, Stripe<\/li>\n<li>\u2013 trasportatori<\/li>\n<\/ul>\n<p>I Tuoi dati non saranno diffusi e saranno trattati con modalit\u00e0 organizzative e logiche correlate agli scopi sopra specificati.<\/p>\n<p><strong>5. Trasferimento dei dati.<\/strong><\/p>\n<p>La gestione e la conservazione dei dati personali avverr\u00e0 su\u00a0serverubicati all\u2019interno dell\u2019UE del Titolare e\/o di societ\u00e0 terze incaricate e non verr\u00e0 effettuato alcun trasferimento degli stessi al di fuori del territorio dell\u2019Unione Europea.<\/p>\n<p><strong>6. Periodo di conservazione.<\/strong><\/p>\n<p>Il Titolare tratterr\u00e0 i dati personali forniti per il tempo necessario per adempiere alle finalit\u00e0 sopra descritte ed in particolare:<\/p>\n<p>\u2013 il nome il cognome e la e-mail inserite nei\u00a0formpresenti nell\u2019area \u201ccontatti\u201d, verranno utilizzati solo per dare seguito ad eventuali messaggi inviati dal Cliente e verranno cancellati una volta terminata la corrispondenza;<\/p>\n<p>\u2013 previo specifico e distinto consenso del Cliente a ricevere la nostra newsletter informativa, il solo indirizzo mail verr\u00e0 conservato per il periodo massimo di 24 mesi per consentirci di tenere aggiornato il Cliente sulle nostre nuove iniziative;<\/p>\n<p>\u2013 i dati comunicati in sede di acquisto dei prodotti (nome, cognome, indirizzo, codice fiscale, telefono, cellulare, numero di carta di credito) saranno conservati con le tempistiche che seguono:<\/p>\n<p>a) il numero di telefono ed il numero di cellulare, saranno conservati fino all\u2019avvenuta consegna dei prodotti acquistati per consentire al trasportatore di concordare con il Cliente tempi e modi di consegna;<\/p>\n<p>b) i dati fiscali (nome, cognome, indirizzo e codice fiscale) saranno conservati per 5 anni cos\u00ec come imposto dalla legge;<\/p>\n<p>c) i dati relativi al pagamento (nome, cognome, numero della carta di credito), saranno conservati per 12 mesi per consentirci di rintracciare il pagamento in caso di contestazioni.<\/p>\n<p><strong>7. Diritti dell\u2019interessato.<\/strong><\/p>\n<p>In qualit\u00e0 di interessato, ai sensi degli artt. 12-22 del Regolamento, Ti sono riconosciuti i seguenti diritti:<\/p>\n<p>a) diritto di chiedere al Titolare del trattamento l\u2019accesso ai propri dati personali e, se esistenti, la rettifica o la cancellazione degli stessi, la limitazione del trattamento o di esercitare il proprio diritto di opposizione al trattamento, oltre al diritto alla portabilit\u00e0 dei propri dati;<\/p>\n<p>b) diritto di revocare il consenso prestato per le finalit\u00e0 di cui al punto 3c) in qualsiasi momento, senza tuttavia pregiudicare la liceit\u00e0 del trattamento compiuto in precedenza;<\/p>\n<p>c) diritto di proporre reclamo all\u2019Autorit\u00e0 di Controllo (Garante della Privacy).<\/p>\n<p>Per esercitare i diritti elencati baster\u00e0 inviare una mail al Titolare del trattamento all\u2019indirizzo di cui al punto 1 o altra comunicazione equipollente.<\/p>\n<p><strong>8. Natura del conferimento dei dati e conseguenze del rifiuto di rispondere.<\/strong><\/p>\n<p lang=\"it-IT\">La comunicazione dei dati (nome, cognome, indirizzo, codice fiscale, indirizzo mail, telefono e\/o cellulare, dati per il pagamento) per le finalit\u00e0 sopra indicate \u00e8 necessaria ed obbligatoria. In loro assenza, infatti, non potremo fornire al Cliente i servizi descritti all\u2019art. 3). Il consenso prestato alla detenzione dell\u2019indirizzo mail per il periodo di 24 mesi per l\u2019invio della newsletter periodica \u00e8 invece facoltativo. Il Cliente pu\u00f2 quindi decidere di non prestare tale consenso o di revocare il consenso prestato, con le modalit\u00e0 di cui al punto 8, senza pregiudicare la liceit\u00e0 del trattamento basata sul consenso prestato prima della revoca.<\/p>\n<p lang=\"it-IT\">Data stesura documento 20\/03\/2021<\/p>\n<p>[\/vc_column_text][\/vc_column][\/vc_row]<\/p>\n","protected":false},"excerpt":{"rendered":"<p>[vc_row][vc_column][vc_column_text]Privacy Policy \u2013 see a free english translation Gentile Cliente, Il Mercante di Sabbia, seleziona per i suoi clienti i migliori oggetti di design e gioielli.Per poter fornire i suoi servizi nel modo pi\u00f9 efficiente possibile Il Mercante di Sabbia ha bisogno di chiedere al&#8230;<\/p>\n","protected":false},"author":1,"featured_media":0,"parent":0,"menu_order":0,"comment_status":"closed","ping_status":"closed","template":"","meta":[],"yoast_head":"<!-- This site is optimized with the Yoast SEO plugin v20.4 - https:\/\/yoast.com\/wordpress\/plugins\/seo\/ -->\n<title>Privacy Policy | Il Mercante di Sabbia<\/title>\n<meta name=\"robots\" content=\"index, follow, max-snippet:-1, max-image-preview:large, max-video-preview:-1\" \/>\n<link rel=\"canonical\" href=\"https:\/\/ilmercantedisabbia.com\/en\/privacy-policy\/\" \/>\n<meta property=\"og:locale\" content=\"en_US\" \/>\n<meta property=\"og:type\" content=\"article\" \/>\n<meta property=\"og:title\" content=\"Privacy Policy | Il Mercante di Sabbia\" \/>\n<meta property=\"og:description\" content=\"[vc_row][vc_column][vc_column_text]Privacy Policy \u2013 see a free english translation Gentile Cliente, Il Mercante di Sabbia, seleziona per i suoi clienti i migliori oggetti di design e gioielli.Per poter fornire i suoi servizi nel modo pi\u00f9 efficiente possibile Il Mercante di Sabbia ha bisogno di chiedere al...\" \/>\n<meta property=\"og:url\" content=\"https:\/\/ilmercantedisabbia.com\/en\/privacy-policy\/\" \/>\n<meta property=\"og:site_name\" content=\"Il Mercante di Sabbia\" \/>\n<meta property=\"article:publisher\" content=\"https:\/\/www.facebook.com\/ilmercantedisabbia\" \/>\n<meta property=\"article:modified_time\" content=\"2021-03-20T08:01:20+00:00\" \/>\n<meta name=\"twitter:card\" content=\"summary_large_image\" \/>\n<meta name=\"twitter:label1\" content=\"Est. reading time\" \/>\n\t<meta name=\"twitter:data1\" content=\"4 minutes\" \/>\n<script type=\"application\/ld+json\" class=\"yoast-schema-graph\">{\"@context\":\"https:\/\/schema.org\",\"@graph\":[{\"@type\":\"WebPage\",\"@id\":\"https:\/\/ilmercantedisabbia.com\/en\/privacy-policy\/\",\"url\":\"https:\/\/ilmercantedisabbia.com\/en\/privacy-policy\/\",\"name\":\"Privacy Policy | Il Mercante di Sabbia\",\"isPartOf\":{\"@id\":\"https:\/\/ilmercantedisabbia.com\/#website\"},\"datePublished\":\"2018-07-31T12:15:26+00:00\",\"dateModified\":\"2021-03-20T08:01:20+00:00\",\"breadcrumb\":{\"@id\":\"https:\/\/ilmercantedisabbia.com\/en\/privacy-policy\/#breadcrumb\"},\"inLanguage\":\"en-US\",\"potentialAction\":[{\"@type\":\"ReadAction\",\"target\":[\"https:\/\/ilmercantedisabbia.com\/en\/privacy-policy\/\"]}]},{\"@type\":\"BreadcrumbList\",\"@id\":\"https:\/\/ilmercantedisabbia.com\/en\/privacy-policy\/#breadcrumb\",\"itemListElement\":[{\"@type\":\"ListItem\",\"position\":1,\"name\":\"Home\",\"item\":\"https:\/\/ilmercantedisabbia.com\/en\/\"},{\"@type\":\"ListItem\",\"position\":2,\"name\":\"Privacy Policy\"}]},{\"@type\":\"WebSite\",\"@id\":\"https:\/\/ilmercantedisabbia.com\/#website\",\"url\":\"https:\/\/ilmercantedisabbia.com\/\",\"name\":\"Il Mercante di Sabbia\",\"description\":\"Design &amp; Jewels\",\"publisher\":{\"@id\":\"https:\/\/ilmercantedisabbia.com\/#organization\"},\"potentialAction\":[{\"@type\":\"SearchAction\",\"target\":{\"@type\":\"EntryPoint\",\"urlTemplate\":\"https:\/\/ilmercantedisabbia.com\/?s={search_term_string}\"},\"query-input\":\"required name=search_term_string\"}],\"inLanguage\":\"en-US\"},{\"@type\":\"Organization\",\"@id\":\"https:\/\/ilmercantedisabbia.com\/#organization\",\"name\":\"Il Mercante di Sabbia\",\"url\":\"https:\/\/ilmercantedisabbia.com\/\",\"logo\":{\"@type\":\"ImageObject\",\"inLanguage\":\"en-US\",\"@id\":\"https:\/\/ilmercantedisabbia.com\/#\/schema\/logo\/image\/\",\"url\":\"https:\/\/ilmercantedisabbia.com\/wp\/wp-content\/uploads\/2021\/03\/mc1.jpg\",\"contentUrl\":\"https:\/\/ilmercantedisabbia.com\/wp\/wp-content\/uploads\/2021\/03\/mc1.jpg\",\"width\":500,\"height\":500,\"caption\":\"Il Mercante di Sabbia\"},\"image\":{\"@id\":\"https:\/\/ilmercantedisabbia.com\/#\/schema\/logo\/image\/\"},\"sameAs\":[\"https:\/\/www.facebook.com\/ilmercantedisabbia\",\"https:\/\/www.instagram.com\/ilmercantedisabbia\/\"]}]}<\/script>\n<!-- \/ Yoast SEO plugin. -->","yoast_head_json":{"title":"Privacy Policy | Il Mercante di Sabbia","robots":{"index":"index","follow":"follow","max-snippet":"max-snippet:-1","max-image-preview":"max-image-preview:large","max-video-preview":"max-video-preview:-1"},"canonical":"https:\/\/ilmercantedisabbia.com\/en\/privacy-policy\/","og_locale":"en_US","og_type":"article","og_title":"Privacy Policy | Il Mercante di Sabbia","og_description":"[vc_row][vc_column][vc_column_text]Privacy Policy \u2013 see a free english translation Gentile Cliente, Il Mercante di Sabbia, seleziona per i suoi clienti i migliori oggetti di design e gioielli.Per poter fornire i suoi servizi nel modo pi\u00f9 efficiente possibile Il Mercante di Sabbia ha bisogno di chiedere al...","og_url":"https:\/\/ilmercantedisabbia.com\/en\/privacy-policy\/","og_site_name":"Il Mercante di Sabbia","article_publisher":"https:\/\/www.facebook.com\/ilmercantedisabbia","article_modified_time":"2021-03-20T08:01:20+00:00","twitter_card":"summary_large_image","twitter_misc":{"Est. reading time":"4 minutes"},"schema":{"@context":"https:\/\/schema.org","@graph":[{"@type":"WebPage","@id":"https:\/\/ilmercantedisabbia.com\/en\/privacy-policy\/","url":"https:\/\/ilmercantedisabbia.com\/en\/privacy-policy\/","name":"Privacy Policy | Il Mercante di Sabbia","isPartOf":{"@id":"https:\/\/ilmercantedisabbia.com\/#website"},"datePublished":"2018-07-31T12:15:26+00:00","dateModified":"2021-03-20T08:01:20+00:00","breadcrumb":{"@id":"https:\/\/ilmercantedisabbia.com\/en\/privacy-policy\/#breadcrumb"},"inLanguage":"en-US","potentialAction":[{"@type":"ReadAction","target":["https:\/\/ilmercantedisabbia.com\/en\/privacy-policy\/"]}]},{"@type":"BreadcrumbList","@id":"https:\/\/ilmercantedisabbia.com\/en\/privacy-policy\/#breadcrumb","itemListElement":[{"@type":"ListItem","position":1,"name":"Home","item":"https:\/\/ilmercantedisabbia.com\/en\/"},{"@type":"ListItem","position":2,"name":"Privacy Policy"}]},{"@type":"WebSite","@id":"https:\/\/ilmercantedisabbia.com\/#website","url":"https:\/\/ilmercantedisabbia.com\/","name":"Il Mercante di Sabbia","description":"Design &amp; Jewels","publisher":{"@id":"https:\/\/ilmercantedisabbia.com\/#organization"},"potentialAction":[{"@type":"SearchAction","target":{"@type":"EntryPoint","urlTemplate":"https:\/\/ilmercantedisabbia.com\/?s={search_term_string}"},"query-input":"required name=search_term_string"}],"inLanguage":"en-US"},{"@type":"Organization","@id":"https:\/\/ilmercantedisabbia.com\/#organization","name":"Il Mercante di Sabbia","url":"https:\/\/ilmercantedisabbia.com\/","logo":{"@type":"ImageObject","inLanguage":"en-US","@id":"https:\/\/ilmercantedisabbia.com\/#\/schema\/logo\/image\/","url":"https:\/\/ilmercantedisabbia.com\/wp\/wp-content\/uploads\/2021\/03\/mc1.jpg","contentUrl":"https:\/\/ilmercantedisabbia.com\/wp\/wp-content\/uploads\/2021\/03\/mc1.jpg","width":500,"height":500,"caption":"Il Mercante di Sabbia"},"image":{"@id":"https:\/\/ilmercantedisabbia.com\/#\/schema\/logo\/image\/"},"sameAs":["https:\/\/www.facebook.com\/ilmercantedisabbia","https:\/\/www.instagram.com\/ilmercantedisabbia\/"]}]}},"_links":{"self":[{"href":"https:\/\/ilmercantedisabbia.com\/en\/wp-json\/wp\/v2\/pages\/3"}],"collection":[{"href":"https:\/\/ilmercantedisabbia.com\/en\/wp-json\/wp\/v2\/pages"}],"about":[{"href":"https:\/\/ilmercantedisabbia.com\/en\/wp-json\/wp\/v2\/types\/page"}],"author":[{"embeddable":true,"href":"https:\/\/ilmercantedisabbia.com\/en\/wp-json\/wp\/v2\/users\/1"}],"replies":[{"embeddable":true,"href":"https:\/\/ilmercantedisabbia.com\/en\/wp-json\/wp\/v2\/comments?post=3"}],"version-history":[{"count":2,"href":"https:\/\/ilmercantedisabbia.com\/en\/wp-json\/wp\/v2\/pages\/3\/revisions"}],"predecessor-version":[{"id":8481,"href":"https:\/\/ilmercantedisabbia.com\/en\/wp-json\/wp\/v2\/pages\/3\/revisions\/8481"}],"wp:attachment":[{"href":"https:\/\/ilmercantedisabbia.com\/en\/wp-json\/wp\/v2\/media?parent=3"}],"curies":[{"name":"wp","href":"https:\/\/api.w.org\/{rel}","templated":true}]}}